{"id":2615,"date":"2019-03-04T14:56:25","date_gmt":"2019-03-04T13:56:25","guid":{"rendered":"https:\/\/uniar.de\/?page_id=2615"},"modified":"2019-03-15T16:13:29","modified_gmt":"2019-03-15T15:13:29","slug":"privacy-policy","status":"publish","type":"page","link":"https:\/\/uniar.de\/it\/privacy-policy\/","title":{"rendered":"Privacy Policy"},"content":{"rendered":"<div class=\"wpb-content-wrapper\">[vc_row][vc_column width=&#8221;1\/6&#8243;][\/vc_column][vc_column width=&#8221;2\/3&#8243;][vc_column_text]\n<p align=\"CENTER\">INFORMATIVA SULLA TUTELA DEI DATI PERSONALI<\/p>\n<p>Rispettiamo il regolamento generale sulla protezione dei dati e trattiamo responsabilmente i Suoi dati personali.<\/p>\n<div class=\"cornice\"><strong>Lei ha il diritto di opporsi al trattamento dei Suoi dati personali, quando tale trattamento avviene a tutela di interessi legittimi o di interessi pubblici.<\/strong><\/div>\n<p><strong>1. Responsabile per il trattamento dei dati<\/strong><\/p>\n<ul>\n<li>Per il trattamento dei Suoi dati personali \u00e8 &#8220;Responsabile&#8221; ai sensi dell\u2019Art. 4 Nr. 7 GDPR:<\/li>\n<\/ul>\n<ul>\n<li>Uniar GmbH<br \/>\nBajuwarenring 21<br \/>\nD-82041 Oberhaching<br \/>\nTelefono: +49 8941615461<br \/>\n<a href=\"mailto:info@rwb-group.com\">E-Mail: info@uniar.de<\/a><br \/>\nAmministratore: Eleonora Moscioni<\/li>\n<\/ul>\n<ul>\n<li>Nel caso abbia domande o problemi al riguardo si rivolga direttamente a noi.<\/li>\n<\/ul>\n<ul>\n<li>Nel caso in cui dal nostro sito online siano raggiungibili offerte di altri fornitori (&#8220;Offerte di terzi&#8221;), la nostra informativa sulla tutela dei dati personali non \u00e8 valida per queste offerte di terzi. In questo caso non siamo responsabili anche per il trattamento dei Suoi dati personali nell\u2019ambito di tali offerte di terzi ai sensi dell\u2019Art. 4 Nr. 7 GDPR.<\/li>\n<\/ul>\n<p>&nbsp;<\/p>\n<p><strong>2. Quali dati e fonti vengono utilizzati?<\/strong><\/p>\n<p>2.1 Trasmissione da parte del cliente<\/p>\n<ul>\n<li>Di norma ci ha messo Lei a disposizione i Suoi dati personali per permetterci di redigere la nostra offerta per Lei.<\/li>\n<\/ul>\n<p>2.2 Trasmissione da parte di un operatore partner<\/p>\n<ul>\n<li>Avvolte i Suoi dati ci vengono messi a disposizione, su Sua richiesta, da operatori partner.<\/li>\n<\/ul>\n<p>2.3 Surfen sul nostro sito online<\/p>\n<ul>\n<li>Principalmente Lei pu\u00f2 visitare il nostro sito online senza comunicarci la Sua identit\u00e0. Noi veniamo a conoscenza esclusivamente del Suo indirizzo IP, il nome della pagina e dei file internet richiamati e la data dell\u2019accesso,la quantit\u00e0 dei dati trasmessi e se l\u2019accesso ha avuto successo.<\/li>\n<\/ul>\n<ul>\n<li>I dati vengono utilizzati esclusivamente per scopi amministrativi e per ottimizzare le nostre offerte internet.<\/li>\n<\/ul>\n<ul>\n<li>Il Suo indirizzo IP viene da noi analizzato solo in caso di attacco alla nostra infrastruttura internet. Il Suo indirizzo IP viene cancellato non appena si pu\u00f2 escludere che da questo abbia luogo un attacco alla nostra infrastruttura internet. Questo avviene regolarmente.<\/li>\n<\/ul>\n<p>2.4 Utilizzo di cookies<\/p>\n<ul>\n<li>Nell\u2019ambito delle nostre offerte online vengono utilizzati anche dei cookies. I cookies sono piccoli pacchetti di dati, che vengono depositati sul browser del disco fisso del Suo computer. Servono a guidare l\u2019offerta online durante il Suo accesso o per un eventuale accesso successivo. In questo modo rendiamo la Sua visita pi\u00f9 confortevole.<\/li>\n<\/ul>\n<ul>\n<li>Alcuni browser consentono i cookies gi\u00e0 nelle impostazioni predefinite. Nel caso in cui non lo desideri, pu\u00f2 modificare le impostazioni del Suo browser. In che modo procedere, pu\u00f2 esser dedotto dalle indicazioni del produttore del browser. Nel caso in cui decida di non consentire i cookies, pu\u00f2 succedere che alcune parti delle nostre offerte online non possano essere utilizzate.<\/li>\n<\/ul>\n<p>2.5 Servizi di analisi tracking e web<\/p>\n<p>2.5.1 Firebase<\/p>\n<ul>\n<li>Firebase \u00e8 una banca dati in tempo reale con la quale si lasciano collocare informazioni in tempo reale nella propria offerta online. A questo proposito i dati dell\u2019utilizzatore vengono trasmessi in forma anonima a Firebase.<\/li>\n<li>Informazioni del terzo offerente: 1600 Amphitheatre Parkway, Mountain View, CA 94043, USA; Google <a href=\"https:\/\/policies.google.com\/privacy?hl=it\" target=\"_blank\" rel=\"noopener\">https:\/\/policies.google.com\/privacy?hl=it<\/a><\/li>\n<\/ul>\n<p>2.5.2 Google Analytics e Google Tag Manager<\/p>\n<ul>\n<li>Questo sito online utilizza Google Analytics, un servizio di analisi web di Google Inc. (&#8220;Google\u201c). Google Analytics utilizza i cosiddetti &#8220;Cookies\u201c, file di testo che vengono salvati sul Suo computer e rendono possibile un analisi del Suo utilizzo del sito online. Le informazioni sul Suo utilizzo di questa pagina web, prodotte dai cookie vengono di regola trasmesse ad un server di Google negli Stati Uniti e memorizzate su questo. Grazie all\u2019anonimizzazione dell\u2019IP su questa pagina web, il Suo indirizzo IP, nell\u2019ambito degli Stati membri della Comunit\u00e0 Europea o in altri Stati membri dello Spazio economico europeo, viene prima abbreviato da Google. Solo in casi eccezionali viene trasmesso l\u2018indirizzo IP completo ad un server di Google negli Stati Uniti e l\u00ec abbreviato. Su nostro incarico, Google utilizzer\u00e0 queste informazioni per analizzare il Suo utilizzo del sito online, per compilare rapporti sulle attivit\u00e0 del sito online e per rendere ulteriori servizi collegati all\u2019utilizzo del sito online e di internet nei nostri confronti.<\/li>\n<li>L\u2018indirizzo IP trasmesso dal Suo browser nell\u2019ambito di Google Analytics non viene integrato con gli altri dati di Google.<\/li>\n<li>\u00c8 possibile non consentire i cookies modificando le impostazioni del Suo browser; sottolineiamo a questo proposito che in questo caso eventualmente non tutte le funzioni di questo sito online potranno essere utilizzate integralmente. Inoltre pu\u00f2 non acconsentire al rilevamento dei dati generati dai cookie e ai dati riferiti all\u2019utilizzo del sito online (incluso il Suo indirizzo IP) da parte di Google cosi come al trattamento di questi dati da parte di Google, scaricando e installando il Browser-Plug-in disponibile al seguente link: <a href=\"https:\/\/tools.google.com\/dlpage\/gaoptout?hl=it\" target=\"_blank\" rel=\"noopener\">https:\/\/tools.google.com\/dlpage\/gaoptout?hl=it<\/a>.<\/li>\n<li>Questa pagina web utilizza Google Analytics con l\u2018estensione &#8220;anonymizeIp()\u201c. In questo modo gli indirizzi IP vengono elaborati in forma abbreviata, cosi che venga esclusa l\u2019associazione alle persone. Nel caso in cui sussista un\u2019associazione alla persona attraverso i dati raccolti su di Lei, questa viene subito esclusa e i dati personali immediatamente cancellati.<\/li>\n<li>Google Analytics viene da noi utilizzato, per un\u2019analisi dell\u2019utilizzo del nostro sito online e un costante miglioramento della stessa. Grazie alle statistiche che ne derivano possiamo migliorare la nostra offerta e strutturarla in modo che sia sempre pi\u00f9 interessante per Lei, utente della stessa. Nei casi eccezionali in cui i dati personali vengono trasmessi negli Stati Uniti, Google si \u00e8 assoggettata al EU-US Privacy Shield, <a href=\"https:\/\/www.privacyshield.gov\/EU-US-Framework\" target=\"_blank\" rel=\"noopener\">https:\/\/www.privacyshield.gov\/EU-US-Framework<\/a>. Base giuridica per l\u2019utilizzo di Google Analytics \u00e8 l\u2019Art. 6 Par. 1 S. 1 lit. f GDPR.<\/li>\n<li>Informazioni del terzo offerente: Google Dublin, Google Ireland Ltd., Gordon House, Barrow Street, Dublin 4, Ireland, Fax: +353 (1) 436\u20091001.<\/li>\n<li>Condizioni generali utenti: <a href=\"https:\/\/www.google.com\/analytics\/terms\/it.html\" target=\"_blank\" rel=\"noopener\">https:\/\/www.google.com\/analytics\/terms\/it.html<\/a>, informativa sulla tutela dei dati personali: <a href=\"https:\/\/www.google.it\/intl\/it\/policies\/privacy\" target=\"_blank\" rel=\"noopener\">https:\/\/www.google.it\/intl\/it\/policies\/privacy<\/a>.<\/li>\n<li>Questa pagina web utilizza Google Analytics anche per un\u2019analisi su pi\u00fa dispositivi dei flussi di visitatori, che viene effettuata tramite User-ID. Lei ha la possibilit\u00e0 di deattivare quest\u2019analisi del Suo accesso su pi\u00fa dispositivi, nel Suo conto cliente, sotto &#8220;I miei dati\u201c, &#8220;Dati personali\u201c o simili. <a href=\"https:\/\/myaccount.google.com\/\" target=\"_blank\" rel=\"noopener\">https:\/\/myaccount.google.com<\/a><\/li>\n<\/ul>\n<ul>\n<li>Utilizzo di Google Tag Manager: Google Tag Manager \u00e8 una soluzione, con il quale il distributore pu\u00f2 amministrare le Website-Tag su una superficie. Il Tool Tag Manager stesso (che implementa i Tag) \u00e8 un dominio privo di cookies e non registra alcun dato personale. Il Tool provvede all\u2019attivazione di altri Tag, che da parte loro possono in determinate situazioni registrare dei dati. Google Tag Manager non accede a questi dati. Quando si procede ad una disattivazione a livello di dominio o di cookie, allora questa \u00e8 valida per tutti i Tracking-Tag che sono implementati da Google Tag Manager. <a href=\"https:\/\/www.google.it\/tagmanager\/use-policy.html\" target=\"_blank\" rel=\"noopener\">https:\/\/www.google.it\/tagmanager\/use-policy.html<\/a><\/li>\n<\/ul>\n<p>2.6 Contatto e comunicazione online<\/p>\n<ul>\n<li>In un determinato luogo della nostra offerta online, Lei ha la possibilit\u00e0 di inserire in campi predisposti alcuni dati personali. Possono essere inseriti i seguenti dati:<\/li>\n<\/ul>\n<ul>\n<li>Nome e Cognome,<\/li>\n<li>Messaggio<\/li>\n<li>Numero di telefono,<\/li>\n<li>Indirizzo E-Mail,<\/li>\n<\/ul>\n<p>2.7 Google Maps<\/p>\n<ul>\n<li>La nostra offerta online utilizza Google Maps per la presentazione di mappe e l\u2019elaborazione di percorsi. Google Maps viene gestito da Google Inc., 1600 Amphitheatre Parkway, Mountain View, CA 94043, USA. Nel caso di utilizzo da parte Sua delle funzioni aggiuntive di Google, come nel caso ad esempio in cui Lei clicchi sulla mappa mostrata, allora viene da Lei utilizzato un servizio al di fuori della nostra sfera di influenza. In questo caso valgono le indicazioni e le direttive date da Google al riguardo.<\/li>\n<li>Nella pagina web <a href=\"http:\/\/www.google.it\/\">www.google.it <\/a>trova ulteriori informazioni sulle condizioni d\u2019uso di<\/li>\n<li>Google (&#8220;Condizioni generali&#8221;),<\/li>\n<li>Ulteriori condizioni d\u2019uso per Google Maps\/Google Earth (&#8220;Ulteriori condizioni d\u2019uso per Google Maps\/Google Earth&#8221;),<\/li>\n<li>Indicazioni giuridiche per Google Maps\/Google Earth (&#8220;Indicazioni giuridiche &#8220;) cosi come<\/li>\n<li>L\u2019informativa sulla tutela dei dati personali di Google; nella&#8221;informativa sulla tutela dei dati personali di Google\u201ctrova le informazioni, relative a quali dati vengono registrati e per quali scopi e come Google utilizza tali dati.<\/li>\n<\/ul>\n<p>&nbsp;<\/p>\n<p><strong>3. Perch\u00e9 utilizziamo i Suoi dati e su quale base giuridica?<\/strong><\/p>\n<p>I Suoi dati personali vengono da noi utilizzati nel rispetto del regolamento generale sulla protezione dei dati (GDPR).<\/p>\n<p>3.1 Per l\u2019adempimento di obblighi contrattuali e precontrattuali (Art. 6 Par. 1 b GDPR)<\/p>\n<p>L\u2018utilizzo dei Suoi dati personali avviene in particolar modo per consentire l\u2019adempimento dei nostri impegni contrattuali nei Suoi confronti e se del caso, su Sua richiesta per l\u2019adempimento di misure precontrattuali.<br \/>\nI dettagli relativi derivano dai rispettivi contratti\/accordi.<\/p>\n<p>3.2 Nell\u2019ambito del bilanciamento di interessi (Art. 6 Par. 1 f GDPR)<\/p>\n<p>Se necessario utilizziamo i Suoi dati per la salvaguardia dei nostri interessi legittimi o quelli di un terzo (nel caso in cui Lei non abbia dissentito efficacemente all\u2019utilizzo dei Suoi dati, ad esempio per misure per la gestione dell\u2019attivit\u00e0 e lo sviluppo di servizi e prodotti, rivendicazione giudiziaria del diritto e difesa nei casi di controversie legali).<\/p>\n<p>3.3 A seguito del Suo consenso (Art. 6 Par.1a GDPR)<\/p>\n<p>Nel caso in cui Lei abbia acconsentito all\u2019utilizzo di dati personali per determinati scopi, l\u2019utilizzo avviene sulla base del Suo consenso. Tale consenso pu\u00f2 essere revocato in qualsiasi momento.La preghiamo di considerare che la revoca \u00e8 valida solo per il periodo futuro alla stessa. L\u2019utilizzo dei dati anteriore al ricevimento di tale revoca non ne \u00e8 influenzato.<\/p>\n<p>3.4 Per l\u2019adempimento di obblighi (Art.6 Par. 1 c GDPR) o di interesse pubblico (Art. 6 Par. 1 e GDPR)<\/p>\n<p>Siamo soggetti a diversi obblighi (giuridici)e prescrizioni legali come ad esempio le sanzioni per infrazioni stradali da parte degli enti competenti, la verifica dell\u2019identit\u00e0, la prevenzione del riciclaggio di denaro e l\u2019analisi e il controllo dei rischi cosi come gli obblighi di segnalazione e di controllo fiscale. Utilizziamo pertanto i Suoi dati anche per questi scopi.<\/p>\n<p><strong>4. Chi riceve i Suoi dati?<\/strong><\/p>\n<p>Comunichiamo i Suoi dati solo in casi strettamente limitati e come di seguito indicato.<\/p>\n<p>4.1 Prestatori di servizio:<\/p>\n<p>Cosi come altre imprese anche noi conferiamo in misura strettamente limitata alcune sanzioni a prestatori di servizio esterni di fiducia, che svolgono per noi determinati compiti ad es. prestatori di servizio.<\/p>\n<p>4.2 Enti pubblici e statali:<\/p>\n<p>Solo nella misura prevista dalla legge o a salvaguardia dei nostri diritti, trasmettiamo i Suoi dati agli enti pubblici e statali competenti.<\/p>\n<p>4.3 Consulenti professionali e altri:<\/p>\n<p>Comunichiamo i Suoi dati solo in casi strettamente limitati a terze parti, come ad esempio consulenti professionali o revisori di bilancio.<\/p>\n<p>&nbsp;<\/p>\n<p><strong>5. Durata del trattamento<\/strong><\/p>\n<p>I Suoi dati vengono cancellati non appena lo scopo del trattamento \u00e8 concluso ed evaso e non sussiste l\u2018obbligo o il diritto ad un\u2019ulteriore archiviazione.<\/p>\n<p>&nbsp;<\/p>\n<p><strong>6. Trasmissione dati in stati terzi<\/strong><\/p>\n<p>Trasmettiamo i Suoi dati in stati terzi, solo in casi assolutamente necessari\/previsti per legge, oppure se ci ha dato il Suo consenso.<\/p>\n<p>&nbsp;<\/p>\n<p><strong>7. Tutela dei Suoi dati<\/strong><\/p>\n<p>7.1 Ogni persona interessata ha diritto:<\/p>\n<ul>\n<li>Di accesso ai sensi dell\u2018 Art. 15 GDPR,<\/li>\n<li>Di Rettifica ai sensi dell\u2018Art. 16 GDPR,<\/li>\n<li>Di Cancellazione ai sensi dell\u2018 Art. 17 GDPR,<\/li>\n<li>Alla limitazione del trattamento ai sensi dell\u2018 Art.18GDPR<\/li>\n<li>Alla portabilit\u00e0 ai sensi dell\u2018 Art. 20 GDPR.<\/li>\n<li>E inoltre a proporre reclamo all\u2019autorit\u00e0 di controllo ai sensi dell\u2019Art.77GDPR.<\/li>\n<\/ul>\n<p>7.2 L\u2019esercizio dei diritti sopra citati \u00e8 in generale gratuito.<\/p>\n<p>Nei casi palesemente non fondati oppure \u2013 in particolar modo nel caso di ripetizione frequente \u2013 di richieste eccessive, possiamo ai sensi dell\u2019Art. 12 Par.5 GDPR<\/p>\n<p>a.) richiedere una remunerazione adeguata, con la quale si contemplino i costi amministrativi per l\u2018informazione o l\u2019attuazione delle misure richieste oppure<br \/>\nb.) opporre un diniego, a causa di richiesta non fondata o eccessiva.<\/p>\n<p>7.3 Per l\u2019esercizio dei Suoi diritti pu\u00f2 rivolgersi direttamente a noi.<\/p>\n<p>&nbsp;<\/p>\n<p><strong>8. Modifiche all\u2019informativa sulla tutela dei dati personali<\/strong><\/p>\n<p>Di tanto in tanto pu\u00f2 esser necessaria un\u2019attualizzazione dell\u2019informativa sulla tutela dei dati personali, ad esempio nel caso di nuove prescrizioni normative o amministrative cosi come di nuove offerte sulla nostro sito online.<\/p>\n<p>Le consigliamo pertanto di richiamare regolarmente, la presente informativa sulla tutela dei dati personali, per controllare se ci sono delle modifiche. Pu\u00f2 riconoscere se sono state effettuate delle modifiche, tra l\u2019altro anche dalla data alla fine del documento.<\/p>\n<p>&nbsp;<\/p>\n<p><strong>9. Stampa e memorizzazione dell\u2019informativa sulla tutela dei dati personali<\/strong><\/p>\n<p>Questa informativa pu\u00f2 essere stampata o memorizzata ad esempio tramite le funzioni di stampa e memorizzazione del Suo browser.<\/p>\n<p>&nbsp;<\/p>\n<p>Versione Febbraio 2019[\/vc_column_text][\/vc_column][vc_column width=&#8221;1\/6&#8243;][\/vc_column][\/vc_row]\n<\/div>","protected":false},"excerpt":{"rendered":"<p>[vc_row][vc_column width=&#8221;1\/6&#8243;][\/vc_column][vc_column width=&#8221;2\/3&#8243;][vc_column_text] INFORMATIVA SULLA TUTELA DEI DATI PERSONALI Rispettiamo il regolamento generale sulla protezione dei dati e trattiamo responsabilmente i Suoi dati personali. Lei ha il diritto di opporsi al trattamento dei Suoi dati personali, quando tale trattamento avviene a tutela di interessi legittimi o di interessi pubblici. 1. Responsabile per il trattamento dei&hellip;<\/p>\n","protected":false},"author":1,"featured_media":0,"parent":0,"menu_order":0,"comment_status":"closed","ping_status":"closed","template":"","meta":{"footnotes":""},"class_list":["post-2615","page","type-page","status-publish","hentry","description-off"],"yoast_head":"<!-- This site is optimized with the Yoast SEO plugin v25.7 - https:\/\/yoast.com\/wordpress\/plugins\/seo\/ -->\n<title>Privacy Policy - UNIAR<\/title>\n<meta name=\"robots\" content=\"index, follow, max-snippet:-1, max-image-preview:large, max-video-preview:-1\" \/>\n<link rel=\"canonical\" href=\"https:\/\/araldicaitaliana.it\/privacy-policy\/\" \/>\n<meta property=\"og:locale\" content=\"it_IT\" \/>\n<meta property=\"og:type\" content=\"article\" \/>\n<meta property=\"og:title\" content=\"Privacy Policy - UNIAR\" \/>\n<meta property=\"og:description\" content=\"[vc_row][vc_column width=&#8221;1\/6&#8243;][\/vc_column][vc_column width=&#8221;2\/3&#8243;][vc_column_text] INFORMATIVA SULLA TUTELA DEI DATI PERSONALI Rispettiamo il regolamento generale sulla protezione dei dati e trattiamo responsabilmente i Suoi dati personali. Lei ha il diritto di opporsi al trattamento dei Suoi dati personali, quando tale trattamento avviene a tutela di interessi legittimi o di interessi pubblici. 1. Responsabile per il trattamento dei&hellip;\" \/>\n<meta property=\"og:url\" content=\"https:\/\/araldicaitaliana.it\/privacy-policy\/\" \/>\n<meta property=\"og:site_name\" content=\"UNIAR\" \/>\n<meta property=\"article:modified_time\" content=\"2019-03-15T15:13:29+00:00\" \/>\n<meta name=\"twitter:card\" content=\"summary_large_image\" \/>\n<meta name=\"twitter:label1\" content=\"Tempo di lettura stimato\" \/>\n\t<meta name=\"twitter:data1\" content=\"10 minuti\" \/>\n<script type=\"application\/ld+json\" class=\"yoast-schema-graph\">{\"@context\":\"https:\/\/schema.org\",\"@graph\":[{\"@type\":\"WebPage\",\"@id\":\"https:\/\/araldicaitaliana.it\/privacy-policy\/\",\"url\":\"https:\/\/araldicaitaliana.it\/privacy-policy\/\",\"name\":\"Privacy Policy - UNIAR\",\"isPartOf\":{\"@id\":\"https:\/\/araldicaitaliana.it\/#website\"},\"datePublished\":\"2019-03-04T13:56:25+00:00\",\"dateModified\":\"2019-03-15T15:13:29+00:00\",\"breadcrumb\":{\"@id\":\"https:\/\/araldicaitaliana.it\/privacy-policy\/#breadcrumb\"},\"inLanguage\":\"it-IT\",\"potentialAction\":[{\"@type\":\"ReadAction\",\"target\":[\"https:\/\/araldicaitaliana.it\/privacy-policy\/\"]}]},{\"@type\":\"BreadcrumbList\",\"@id\":\"https:\/\/araldicaitaliana.it\/privacy-policy\/#breadcrumb\",\"itemListElement\":[{\"@type\":\"ListItem\",\"position\":1,\"name\":\"Home\",\"item\":\"https:\/\/araldicaitaliana.it\/it\/\"},{\"@type\":\"ListItem\",\"position\":2,\"name\":\"Privacy Policy\"}]},{\"@type\":\"WebSite\",\"@id\":\"https:\/\/araldicaitaliana.it\/#website\",\"url\":\"https:\/\/araldicaitaliana.it\/\",\"name\":\"UNIAR\",\"description\":\"Your partner for high value vehicles\",\"publisher\":{\"@id\":\"https:\/\/araldicaitaliana.it\/#organization\"},\"potentialAction\":[{\"@type\":\"SearchAction\",\"target\":{\"@type\":\"EntryPoint\",\"urlTemplate\":\"https:\/\/araldicaitaliana.it\/?s={search_term_string}\"},\"query-input\":{\"@type\":\"PropertyValueSpecification\",\"valueRequired\":true,\"valueName\":\"search_term_string\"}}],\"inLanguage\":\"it-IT\"},{\"@type\":\"Organization\",\"@id\":\"https:\/\/araldicaitaliana.it\/#organization\",\"name\":\"UNIAR\",\"url\":\"https:\/\/araldicaitaliana.it\/\",\"logo\":{\"@type\":\"ImageObject\",\"inLanguage\":\"it-IT\",\"@id\":\"https:\/\/araldicaitaliana.it\/#\/schema\/logo\/image\/\",\"url\":\"https:\/\/uniar.de\/wp-content\/uploads\/2019\/01\/uniar_logo_white_s.png\",\"contentUrl\":\"https:\/\/uniar.de\/wp-content\/uploads\/2019\/01\/uniar_logo_white_s.png\",\"width\":108,\"height\":40,\"caption\":\"UNIAR\"},\"image\":{\"@id\":\"https:\/\/araldicaitaliana.it\/#\/schema\/logo\/image\/\"}}]}<\/script>\n<!-- \/ Yoast SEO plugin. -->","yoast_head_json":{"title":"Privacy Policy - UNIAR","robots":{"index":"index","follow":"follow","max-snippet":"max-snippet:-1","max-image-preview":"max-image-preview:large","max-video-preview":"max-video-preview:-1"},"canonical":"https:\/\/araldicaitaliana.it\/privacy-policy\/","og_locale":"it_IT","og_type":"article","og_title":"Privacy Policy - UNIAR","og_description":"[vc_row][vc_column width=&#8221;1\/6&#8243;][\/vc_column][vc_column width=&#8221;2\/3&#8243;][vc_column_text] INFORMATIVA SULLA TUTELA DEI DATI PERSONALI Rispettiamo il regolamento generale sulla protezione dei dati e trattiamo responsabilmente i Suoi dati personali. Lei ha il diritto di opporsi al trattamento dei Suoi dati personali, quando tale trattamento avviene a tutela di interessi legittimi o di interessi pubblici. 1. Responsabile per il trattamento dei&hellip;","og_url":"https:\/\/araldicaitaliana.it\/privacy-policy\/","og_site_name":"UNIAR","article_modified_time":"2019-03-15T15:13:29+00:00","twitter_card":"summary_large_image","twitter_misc":{"Tempo di lettura stimato":"10 minuti"},"schema":{"@context":"https:\/\/schema.org","@graph":[{"@type":"WebPage","@id":"https:\/\/araldicaitaliana.it\/privacy-policy\/","url":"https:\/\/araldicaitaliana.it\/privacy-policy\/","name":"Privacy Policy - UNIAR","isPartOf":{"@id":"https:\/\/araldicaitaliana.it\/#website"},"datePublished":"2019-03-04T13:56:25+00:00","dateModified":"2019-03-15T15:13:29+00:00","breadcrumb":{"@id":"https:\/\/araldicaitaliana.it\/privacy-policy\/#breadcrumb"},"inLanguage":"it-IT","potentialAction":[{"@type":"ReadAction","target":["https:\/\/araldicaitaliana.it\/privacy-policy\/"]}]},{"@type":"BreadcrumbList","@id":"https:\/\/araldicaitaliana.it\/privacy-policy\/#breadcrumb","itemListElement":[{"@type":"ListItem","position":1,"name":"Home","item":"https:\/\/araldicaitaliana.it\/it\/"},{"@type":"ListItem","position":2,"name":"Privacy Policy"}]},{"@type":"WebSite","@id":"https:\/\/araldicaitaliana.it\/#website","url":"https:\/\/araldicaitaliana.it\/","name":"UNIAR","description":"Your partner for high value vehicles","publisher":{"@id":"https:\/\/araldicaitaliana.it\/#organization"},"potentialAction":[{"@type":"SearchAction","target":{"@type":"EntryPoint","urlTemplate":"https:\/\/araldicaitaliana.it\/?s={search_term_string}"},"query-input":{"@type":"PropertyValueSpecification","valueRequired":true,"valueName":"search_term_string"}}],"inLanguage":"it-IT"},{"@type":"Organization","@id":"https:\/\/araldicaitaliana.it\/#organization","name":"UNIAR","url":"https:\/\/araldicaitaliana.it\/","logo":{"@type":"ImageObject","inLanguage":"it-IT","@id":"https:\/\/araldicaitaliana.it\/#\/schema\/logo\/image\/","url":"https:\/\/uniar.de\/wp-content\/uploads\/2019\/01\/uniar_logo_white_s.png","contentUrl":"https:\/\/uniar.de\/wp-content\/uploads\/2019\/01\/uniar_logo_white_s.png","width":108,"height":40,"caption":"UNIAR"},"image":{"@id":"https:\/\/araldicaitaliana.it\/#\/schema\/logo\/image\/"}}]}},"_links":{"self":[{"href":"https:\/\/uniar.de\/it\/wp-json\/wp\/v2\/pages\/2615","targetHints":{"allow":["GET"]}}],"collection":[{"href":"https:\/\/uniar.de\/it\/wp-json\/wp\/v2\/pages"}],"about":[{"href":"https:\/\/uniar.de\/it\/wp-json\/wp\/v2\/types\/page"}],"author":[{"embeddable":true,"href":"https:\/\/uniar.de\/it\/wp-json\/wp\/v2\/users\/1"}],"replies":[{"embeddable":true,"href":"https:\/\/uniar.de\/it\/wp-json\/wp\/v2\/comments?post=2615"}],"version-history":[{"count":0,"href":"https:\/\/uniar.de\/it\/wp-json\/wp\/v2\/pages\/2615\/revisions"}],"wp:attachment":[{"href":"https:\/\/uniar.de\/it\/wp-json\/wp\/v2\/media?parent=2615"}],"curies":[{"name":"wp","href":"https:\/\/api.w.org\/{rel}","templated":true}]}}