{"id":2638,"date":"2019-03-04T16:51:11","date_gmt":"2019-03-04T15:51:11","guid":{"rendered":"https:\/\/uniar.de\/?page_id=2638"},"modified":"2021-02-01T11:09:23","modified_gmt":"2021-02-01T10:09:23","slug":"uber-uns","status":"publish","type":"page","link":"https:\/\/uniar.de\/de\/uber-uns\/","title":{"rendered":"\u00dcber uns"},"content":{"rendered":"<div class=\"wpb-content-wrapper\">[vc_row full_width=&#8220;stretch_row&#8220; bg_type=&#8220;image&#8220; parallax_style=&#8220;vcpb-default&#8220; bg_image_new=&#8220;id^3863|url^https:\/\/uniar.de\/wp-content\/uploads\/2021\/01\/bg-p2.jpg|caption^null|alt^null|title^bg-p2|description^null&#8220; bg_image_repeat=&#8220;no-repeat&#8220; bg_img_attach=&#8220;fixed&#8220; bg_override=&#8220;ex-full&#8220; css=&#8220;.vc_custom_1612174096151{padding-top: 80px !important;padding-bottom: 80px !important;}&#8220;][vc_column]<div id=\"ultimate-heading-458269e1f44740550\" class=\"uvc-heading ult-adjust-bottom-margin ultimate-heading-458269e1f44740550 uvc-4944 accent-border-color\" data-hspacer=\"line_only\"  data-halign=\"center\" style=\"text-align:center\"><div class=\"uvc-main-heading ult-responsive\"  data-ultimate-target='.uvc-heading.ultimate-heading-458269e1f44740550 h2'  data-responsive-json-new='{\"font-size\":\"desktop:46px;\",\"line-height\":\"desktop:56px;\"}' ><h2 style=\"--font-weight:theme;\">DYNAMISCH UND SELBST\u00c4NDIG<\/h2><\/div><div class=\"uvc-heading-spacer line_only\" style=\"margin-top:25px;margin-bottom:25px;height:3px;\"><span class=\"uvc-headings-line\" style=\"border-style:solid;border-bottom-width:3px;border-color:#ccc;width:200px;\"><\/span><\/div><\/div><div class=\"ult-spacer spacer-69e1f447405aa\" data-id=\"69e1f447405aa\" data-height=\"26\" data-height-mobile=\"26\" data-height-tab=\"26\" data-height-tab-portrait=\"\" data-height-mobile-landscape=\"\" style=\"clear:both;display:block;\"><\/div>[vc_row_inner][vc_column_inner][vc_column_text]\n<p style=\"text-align: center;\">Uniar ist ein selbst\u00e4ndiges und dynamisches Unternehmen mit Sitz im Gro\u00dfraum M\u00fcnchen, das auf LTR f\u00fcr Neu- und Gebrauchtwagen f\u00fcr Europ\u00e4ische und Extra-Europ\u00e4ische Kunden spezialisiert ist. Unsere Kompetenz und St\u00e4rke basieren auf zwanzig Jahren Erfahrung.<\/p>\n<h4 style=\"text-align: center;\">Uniar hat keine Bindung zu Herstellern oder Banken: Diese Unabh\u00e4ngigkeit erlaubt es uns, den W\u00fcnschen und Bed\u00fcrfnissen unserer Kunden absolute Priorit\u00e4t einzur\u00e4umen.<\/h4>\n<p style=\"text-align: center;\">Bei der Auswahl unserer Kunden sind wir selektiv: Uniar akzeptiert neue Gesch\u00e4ftsbeziehungen nur auf Basis unseres eigenen Auswahlverfahrens.<br \/>\nUnser Team ist geschult, Ihren Anfragen stets gerecht zu werden, um passende L\u00f6sungen f\u00fcr Sie zu finden. Wir sprechen Deutsch, Englisch, Italienisch und Franz\u00f6sisch. F\u00fcr andere Sprachen stellen wir gerne einen zertifizierten \u00dcbersetzer zur Verf\u00fcgung.<\/p>\n[\/vc_column_text][\/vc_column_inner][\/vc_row_inner]<div class=\"ult-spacer spacer-69e1f447405cb\" data-id=\"69e1f447405cb\" data-height=\"56\" data-height-mobile=\"56\" data-height-tab=\"56\" data-height-tab-portrait=\"\" data-height-mobile-landscape=\"\" style=\"clear:both;display:block;\"><\/div>[\/vc_column][\/vc_row][vc_row bg_type=&#8220;image&#8220; parallax_style=&#8220;vcpb-default&#8220; bg_image_new=&#8220;id^3866|url^https:\/\/uniar.de\/wp-content\/uploads\/2021\/01\/bg-p1-5.jpg|caption^null|alt^null|title^bg-p1|description^null&#8220; bg_image_repeat=&#8220;no-repeat&#8220; bg_img_attach=&#8220;fixed&#8220; bg_override=&#8220;ex-full&#8220; type=&#8220;vc_default&#8220; margin_top=&#8220;-50&#8243; css=&#8220;.vc_custom_1612174159344{padding-top: 7% !important;padding-bottom: 7% !important;background-color: #000000 !important;}&#8220;][vc_column offset=&#8220;vc_col-lg-12 vc_col-md-12&#8243; css=&#8220;.vc_custom_1548318340802{padding-top: 60px !important;padding-bottom: 60px !important;}&#8220;]<div id=\"ultimate-heading-18869e1f447405fc\" class=\"uvc-heading ult-adjust-bottom-margin ultimate-heading-18869e1f447405fc uvc-5704 accent-subtitle-color\" data-hspacer=\"no_spacer\"  data-halign=\"center\" style=\"text-align:center\"><div class=\"uvc-heading-spacer no_spacer\" style=\"top\"><\/div><div class=\"uvc-main-heading ult-responsive\"  data-ultimate-target='.uvc-heading.ultimate-heading-18869e1f447405fc h2'  data-responsive-json-new='{\"font-size\":\"desktop:56px;mobile_landscape:30px;\",\"line-height\":\"desktop:66px;mobile_landscape:40px;\"}' ><h2 style=\"--font-weight:theme;color:#ffffff;\">KONTAKT<\/h2><\/div><div class=\"uvc-sub-heading ult-responsive\"  data-ultimate-target='.uvc-heading.ultimate-heading-18869e1f447405fc .uvc-sub-heading '  data-responsive-json-new='{\"font-size\":\"desktop:40px;mobile_landscape:22px;\",\"line-height\":\"desktop:50px;mobile_landscape:32px;\"}'  style=\"font-weight:normal;color:#ffffff;margin-top:10px;margin-bottom:10px;\">Unser Team ist geschult, Ihren Anfragen stets gerecht zu werden<\/div><\/div>[vc_column_text css_animation=&#8220;fadeInUp&#8220; el_class=&#8220;white26&#8243;]<p style=\"text-align: center;\">F&uuml;r weitere Informationen kontaktieren Sie uns bitte:<br>\nf&uuml;llen Sie das <a href=\"https:\/\/www.uniar.de\/de\/contact\/\">Kontaktformular<\/a> aus oder per Telefon unter <a href=\"tel:+49 89 4161 5461\">+49 89 4161 5461<\/a>.<\/p>[\/vc_column_text][\/vc_column][\/vc_row]\n<\/div>","protected":false},"excerpt":{"rendered":"<p>[vc_row full_width=&#8220;stretch_row&#8220; bg_type=&#8220;image&#8220; parallax_style=&#8220;vcpb-default&#8220; bg_image_new=&#8220;id^3863|url^https:\/\/uniar.de\/wp-content\/uploads\/2021\/01\/bg-p2.jpg|caption^null|alt^null|title^bg-p2|description^null&#8220; bg_image_repeat=&#8220;no-repeat&#8220; bg_img_attach=&#8220;fixed&#8220; bg_override=&#8220;ex-full&#8220; css=&#8220;.vc_custom_1612174096151{padding-top: 80px !important;padding-bottom: 80px !important;}&#8220;][vc_column][vc_row_inner][vc_column_inner][vc_column_text] Uniar ist ein selbst\u00e4ndiges und dynamisches Unternehmen mit Sitz im Gro\u00dfraum M\u00fcnchen, das auf LTR f\u00fcr Neu- und Gebrauchtwagen f\u00fcr Europ\u00e4ische und Extra-Europ\u00e4ische Kunden spezialisiert ist. Unsere Kompetenz und St\u00e4rke basieren auf zwanzig Jahren Erfahrung. Uniar hat keine Bindung zu Herstellern oder&hellip;<\/p>\n","protected":false},"author":1,"featured_media":0,"parent":0,"menu_order":0,"comment_status":"closed","ping_status":"closed","template":"","meta":{"footnotes":""},"class_list":["post-2638","page","type-page","status-publish","hentry","description-off"],"yoast_head":"<!-- This site is optimized with the Yoast SEO plugin v25.7 - https:\/\/yoast.com\/wordpress\/plugins\/seo\/ -->\n<title>\u00dcber uns - UNIAR<\/title>\n<meta name=\"robots\" content=\"index, follow, max-snippet:-1, max-image-preview:large, max-video-preview:-1\" \/>\n<link rel=\"canonical\" href=\"https:\/\/araldicaitaliana.it\/de\/uber-uns\/\" \/>\n<meta property=\"og:locale\" content=\"de_DE\" \/>\n<meta property=\"og:type\" content=\"article\" \/>\n<meta property=\"og:title\" content=\"\u00dcber uns - UNIAR\" \/>\n<meta property=\"og:description\" content=\"[vc_row full_width=&#8220;stretch_row&#8220; bg_type=&#8220;image&#8220; parallax_style=&#8220;vcpb-default&#8220; bg_image_new=&#8220;id^3863|url^https:\/\/uniar.de\/wp-content\/uploads\/2021\/01\/bg-p2.jpg|caption^null|alt^null|title^bg-p2|description^null&#8220; bg_image_repeat=&#8220;no-repeat&#8220; bg_img_attach=&#8220;fixed&#8220; bg_override=&#8220;ex-full&#8220; css=&#8220;.vc_custom_1612174096151{padding-top: 80px !important;padding-bottom: 80px !important;}&#8220;][vc_column][vc_row_inner][vc_column_inner][vc_column_text] Uniar ist ein selbst\u00e4ndiges und dynamisches Unternehmen mit Sitz im Gro\u00dfraum M\u00fcnchen, das auf LTR f\u00fcr Neu- und Gebrauchtwagen f\u00fcr Europ\u00e4ische und Extra-Europ\u00e4ische Kunden spezialisiert ist. Unsere Kompetenz und St\u00e4rke basieren auf zwanzig Jahren Erfahrung. Uniar hat keine Bindung zu Herstellern oder&hellip;\" \/>\n<meta property=\"og:url\" content=\"https:\/\/araldicaitaliana.it\/de\/uber-uns\/\" \/>\n<meta property=\"og:site_name\" content=\"UNIAR\" \/>\n<meta property=\"article:modified_time\" content=\"2021-02-01T10:09:23+00:00\" \/>\n<meta name=\"twitter:card\" content=\"summary_large_image\" \/>\n<meta name=\"twitter:label1\" content=\"Gesch\u00e4tzte Lesezeit\" \/>\n\t<meta name=\"twitter:data1\" content=\"2\u00a0Minuten\" \/>\n<script type=\"application\/ld+json\" class=\"yoast-schema-graph\">{\"@context\":\"https:\/\/schema.org\",\"@graph\":[{\"@type\":\"WebPage\",\"@id\":\"https:\/\/araldicaitaliana.it\/de\/uber-uns\/\",\"url\":\"https:\/\/araldicaitaliana.it\/de\/uber-uns\/\",\"name\":\"\u00dcber uns - UNIAR\",\"isPartOf\":{\"@id\":\"https:\/\/araldicaitaliana.it\/#website\"},\"datePublished\":\"2019-03-04T15:51:11+00:00\",\"dateModified\":\"2021-02-01T10:09:23+00:00\",\"breadcrumb\":{\"@id\":\"https:\/\/araldicaitaliana.it\/de\/uber-uns\/#breadcrumb\"},\"inLanguage\":\"de\",\"potentialAction\":[{\"@type\":\"ReadAction\",\"target\":[\"https:\/\/araldicaitaliana.it\/de\/uber-uns\/\"]}]},{\"@type\":\"BreadcrumbList\",\"@id\":\"https:\/\/araldicaitaliana.it\/de\/uber-uns\/#breadcrumb\",\"itemListElement\":[{\"@type\":\"ListItem\",\"position\":1,\"name\":\"Home\",\"item\":\"https:\/\/araldicaitaliana.it\/de\/\"},{\"@type\":\"ListItem\",\"position\":2,\"name\":\"\u00dcber uns\"}]},{\"@type\":\"WebSite\",\"@id\":\"https:\/\/araldicaitaliana.it\/#website\",\"url\":\"https:\/\/araldicaitaliana.it\/\",\"name\":\"UNIAR\",\"description\":\"Your partner for high value vehicles\",\"publisher\":{\"@id\":\"https:\/\/araldicaitaliana.it\/#organization\"},\"potentialAction\":[{\"@type\":\"SearchAction\",\"target\":{\"@type\":\"EntryPoint\",\"urlTemplate\":\"https:\/\/araldicaitaliana.it\/?s={search_term_string}\"},\"query-input\":{\"@type\":\"PropertyValueSpecification\",\"valueRequired\":true,\"valueName\":\"search_term_string\"}}],\"inLanguage\":\"de\"},{\"@type\":\"Organization\",\"@id\":\"https:\/\/araldicaitaliana.it\/#organization\",\"name\":\"UNIAR\",\"url\":\"https:\/\/araldicaitaliana.it\/\",\"logo\":{\"@type\":\"ImageObject\",\"inLanguage\":\"de\",\"@id\":\"https:\/\/araldicaitaliana.it\/#\/schema\/logo\/image\/\",\"url\":\"https:\/\/uniar.de\/wp-content\/uploads\/2019\/01\/uniar_logo_white_s.png\",\"contentUrl\":\"https:\/\/uniar.de\/wp-content\/uploads\/2019\/01\/uniar_logo_white_s.png\",\"width\":108,\"height\":40,\"caption\":\"UNIAR\"},\"image\":{\"@id\":\"https:\/\/araldicaitaliana.it\/#\/schema\/logo\/image\/\"}}]}<\/script>\n<!-- \/ Yoast SEO plugin. -->","yoast_head_json":{"title":"\u00dcber uns - UNIAR","robots":{"index":"index","follow":"follow","max-snippet":"max-snippet:-1","max-image-preview":"max-image-preview:large","max-video-preview":"max-video-preview:-1"},"canonical":"https:\/\/araldicaitaliana.it\/de\/uber-uns\/","og_locale":"de_DE","og_type":"article","og_title":"\u00dcber uns - UNIAR","og_description":"[vc_row full_width=&#8220;stretch_row&#8220; bg_type=&#8220;image&#8220; parallax_style=&#8220;vcpb-default&#8220; bg_image_new=&#8220;id^3863|url^https:\/\/uniar.de\/wp-content\/uploads\/2021\/01\/bg-p2.jpg|caption^null|alt^null|title^bg-p2|description^null&#8220; bg_image_repeat=&#8220;no-repeat&#8220; bg_img_attach=&#8220;fixed&#8220; bg_override=&#8220;ex-full&#8220; css=&#8220;.vc_custom_1612174096151{padding-top: 80px !important;padding-bottom: 80px !important;}&#8220;][vc_column][vc_row_inner][vc_column_inner][vc_column_text] Uniar ist ein selbst\u00e4ndiges und dynamisches Unternehmen mit Sitz im Gro\u00dfraum M\u00fcnchen, das auf LTR f\u00fcr Neu- und Gebrauchtwagen f\u00fcr Europ\u00e4ische und Extra-Europ\u00e4ische Kunden spezialisiert ist. Unsere Kompetenz und St\u00e4rke basieren auf zwanzig Jahren Erfahrung. Uniar hat keine Bindung zu Herstellern oder&hellip;","og_url":"https:\/\/araldicaitaliana.it\/de\/uber-uns\/","og_site_name":"UNIAR","article_modified_time":"2021-02-01T10:09:23+00:00","twitter_card":"summary_large_image","twitter_misc":{"Gesch\u00e4tzte Lesezeit":"2\u00a0Minuten"},"schema":{"@context":"https:\/\/schema.org","@graph":[{"@type":"WebPage","@id":"https:\/\/araldicaitaliana.it\/de\/uber-uns\/","url":"https:\/\/araldicaitaliana.it\/de\/uber-uns\/","name":"\u00dcber uns - UNIAR","isPartOf":{"@id":"https:\/\/araldicaitaliana.it\/#website"},"datePublished":"2019-03-04T15:51:11+00:00","dateModified":"2021-02-01T10:09:23+00:00","breadcrumb":{"@id":"https:\/\/araldicaitaliana.it\/de\/uber-uns\/#breadcrumb"},"inLanguage":"de","potentialAction":[{"@type":"ReadAction","target":["https:\/\/araldicaitaliana.it\/de\/uber-uns\/"]}]},{"@type":"BreadcrumbList","@id":"https:\/\/araldicaitaliana.it\/de\/uber-uns\/#breadcrumb","itemListElement":[{"@type":"ListItem","position":1,"name":"Home","item":"https:\/\/araldicaitaliana.it\/de\/"},{"@type":"ListItem","position":2,"name":"\u00dcber uns"}]},{"@type":"WebSite","@id":"https:\/\/araldicaitaliana.it\/#website","url":"https:\/\/araldicaitaliana.it\/","name":"UNIAR","description":"Your partner for high value vehicles","publisher":{"@id":"https:\/\/araldicaitaliana.it\/#organization"},"potentialAction":[{"@type":"SearchAction","target":{"@type":"EntryPoint","urlTemplate":"https:\/\/araldicaitaliana.it\/?s={search_term_string}"},"query-input":{"@type":"PropertyValueSpecification","valueRequired":true,"valueName":"search_term_string"}}],"inLanguage":"de"},{"@type":"Organization","@id":"https:\/\/araldicaitaliana.it\/#organization","name":"UNIAR","url":"https:\/\/araldicaitaliana.it\/","logo":{"@type":"ImageObject","inLanguage":"de","@id":"https:\/\/araldicaitaliana.it\/#\/schema\/logo\/image\/","url":"https:\/\/uniar.de\/wp-content\/uploads\/2019\/01\/uniar_logo_white_s.png","contentUrl":"https:\/\/uniar.de\/wp-content\/uploads\/2019\/01\/uniar_logo_white_s.png","width":108,"height":40,"caption":"UNIAR"},"image":{"@id":"https:\/\/araldicaitaliana.it\/#\/schema\/logo\/image\/"}}]}},"_links":{"self":[{"href":"https:\/\/uniar.de\/de\/wp-json\/wp\/v2\/pages\/2638","targetHints":{"allow":["GET"]}}],"collection":[{"href":"https:\/\/uniar.de\/de\/wp-json\/wp\/v2\/pages"}],"about":[{"href":"https:\/\/uniar.de\/de\/wp-json\/wp\/v2\/types\/page"}],"author":[{"embeddable":true,"href":"https:\/\/uniar.de\/de\/wp-json\/wp\/v2\/users\/1"}],"replies":[{"embeddable":true,"href":"https:\/\/uniar.de\/de\/wp-json\/wp\/v2\/comments?post=2638"}],"version-history":[{"count":0,"href":"https:\/\/uniar.de\/de\/wp-json\/wp\/v2\/pages\/2638\/revisions"}],"wp:attachment":[{"href":"https:\/\/uniar.de\/de\/wp-json\/wp\/v2\/media?parent=2638"}],"curies":[{"name":"wp","href":"https:\/\/api.w.org\/{rel}","templated":true}]}}